{"id":1297,"date":"2023-12-30T17:34:27","date_gmt":"2023-12-30T17:34:27","guid":{"rendered":"http:\/\/sy-awareness.dk\/?page_id=1297"},"modified":"2024-01-11T09:23:02","modified_gmt":"2024-01-11T08:23:02","slug":"turoversigt","status":"publish","type":"page","link":"https:\/\/sy-awareness.dk\/index.php\/turoversigt\/","title":{"rendered":"Turoversigt"},"content":{"rendered":"\n<p><strong>Her f\u00e5r du et overblik over hvor lang tid vi har v\u00e6ret hvert sted samt hvor lang tid turen tog:<\/strong><br>P\u00e5 <a href=\"https:\/\/sy-awareness.dk\/index.php\/kort-over-turen\/\" data-type=\"page\" data-id=\"1394\">Kort over turen<\/a> f\u00e5r du en fornemmelse over distancerne. De er kun vejledende. <\/p>\n\n\n\n<figure class=\"wp-block-table is-style-regular\"><table><tbody><tr><td><strong>Dato<\/strong><\/td><td><strong>&nbsp;<\/strong><\/td><td><strong>Sted<\/strong><\/td><td><strong>Land<\/strong><\/td><td><strong>Note<\/strong><\/td><\/tr><tr><td>4\/7-10<\/td><td>Afrejse<\/td><td>Odense<\/td><td>Danmark<\/td><td>&nbsp;<\/td><\/tr><tr><td>4\/7-10<\/td><td>Ankomst<\/td><td>Kerteminde<\/td><td>&nbsp;<\/td><td>&nbsp;<\/td><\/tr><tr><td>5\/7-10<\/td><td>Afrejse<\/td><td>Kerteminde<\/td><td>&nbsp;<\/td><td>&nbsp;<\/td><\/tr><tr><td>5\/7-10<\/td><td>Ankomst<\/td><td>Svendborg<\/td><td>&nbsp;<\/td><td>&nbsp;<\/td><\/tr><tr><td>8\/7-10<\/td><td>Afrejse<\/td><td>Svendborg<\/td><td>&nbsp;<\/td><td>&nbsp;<\/td><\/tr><tr><td>8\/7-10<\/td><td>Ankomst<\/td><td>Marstal<\/td><td>&nbsp;<\/td><td>&nbsp;<\/td><\/tr><tr><td>9\/7-10<\/td><td>Afrejse<\/td><td>Marstal<\/td><td>&nbsp;<\/td><td>&nbsp;<\/td><\/tr><tr><td>9\/7-10<\/td><td>Ankomst<\/td><td>Kielerbugten<\/td><td>Tyskland<\/td><td>&nbsp;<\/td><\/tr><tr><td>10\/7-10<\/td><td>Afrejse<\/td><td>Kielerbugten<\/td><td>&nbsp;<\/td><td>&nbsp;<\/td><\/tr><tr><td>10\/7-10<\/td><td>Ankomst<\/td><td>Bruhnsb\u00fcttel<\/td><td>&nbsp;<\/td><td>&nbsp;<\/td><\/tr><tr><td>11\/7-10<\/td><td>Afrejse<\/td><td>Bruhnsb\u00fcttel<\/td><td>&nbsp;<\/td><td>&nbsp;<\/td><\/tr><tr><td>12\/7-10<\/td><td>Ankomst<\/td><td>Denzijl<\/td><td>Holland<\/td><td>&nbsp;<\/td><\/tr><tr><td>14\/7-10<\/td><td>Afrejse<\/td><td>Denzijl<\/td><td>&nbsp;<\/td><td>&nbsp;<\/td><\/tr><tr><td>14\/7-10<\/td><td>Ankomst<\/td><td>Wierumschouw<\/td><td>&nbsp;<\/td><td>&nbsp;<\/td><\/tr><tr><td>15\/7-10<\/td><td>Afrejse<\/td><td>Wierumschouw<\/td><td>&nbsp;<\/td><td>&nbsp;<\/td><\/tr><tr><td>15\/7-10<\/td><td>Ankomst<\/td><td>Leeuwarden<\/td><td>&nbsp;<\/td><td>&nbsp;<\/td><\/tr><tr><td>16\/7-10<\/td><td>Afrejse<\/td><td>Leeuwarden<\/td><td>&nbsp;<\/td><td>&nbsp;<\/td><\/tr><tr><td>16\/7-10<\/td><td>Ankomst<\/td><td>Lemmer<\/td><td>&nbsp;<\/td><td>&nbsp;<\/td><\/tr><tr><td>18\/7-10<\/td><td>Afrejse<\/td><td>Lemmer<\/td><td>&nbsp;<\/td><td>&nbsp;<\/td><\/tr><tr><td>18\/7-10<\/td><td>Ankomst<\/td><td>Sixhaven, Amsterdam<\/td><td>&nbsp;<\/td><td>&nbsp;<\/td><\/tr><tr><td>25\/7-10<\/td><td>Afrejse<\/td><td>Sixhaven, Amsterdam<\/td><td>&nbsp;<\/td><td>&nbsp;<\/td><\/tr><tr><td>26\/7-10<\/td><td>Ankomst<\/td><td>Dunkerque<\/td><td>Frankrig<\/td><td>&nbsp;<\/td><\/tr><tr><td>29\/7-10<\/td><td>Afrejse<\/td><td>Dunkerque<\/td><td>&nbsp;<\/td><td>&nbsp;<\/td><\/tr><tr><td>29\/7-10<\/td><td>Ankomst<\/td><td>Calais<\/td><td>&nbsp;<\/td><td>Overnatning<\/td><\/tr><tr><td>30\/7-10<\/td><td>Afrejse<\/td><td>Calais<\/td><td>&nbsp;<\/td><td>&nbsp;<\/td><\/tr><tr><td>30\/7-10<\/td><td>Ankomst<\/td><td>Dieppe<\/td><td>&nbsp;<\/td><td>&nbsp;<\/td><\/tr><tr><td>31\/7-10<\/td><td>Afrejse<\/td><td>Dieppe<\/td><td>&nbsp;<\/td><td>&nbsp;<\/td><\/tr><tr><td>1\/8-10<\/td><td>Ankomst<\/td><td>Cherbourg<\/td><td>&nbsp;<\/td><td>&nbsp;<\/td><\/tr><tr><td>3\/8-10<\/td><td>Afrejse<\/td><td>Cherbourg<\/td><td>&nbsp;<\/td><td>&nbsp;<\/td><\/tr><tr><td>4\/8-10<\/td><td>Ankomst<\/td><td>Jersey<\/td><td>UK(kanal\u00f8erne)<\/td><td>Ank. 01.30<\/td><\/tr><tr><td>7\/8-10<\/td><td>Afrejse<\/td><td>Jersey<\/td><td>&nbsp;<\/td><td>&nbsp;<\/td><\/tr><tr><td>8\/8-10<\/td><td>Ankomst<\/td><td>Brest<\/td><td>Frankrig<\/td><td>Ank. 01.15<\/td><\/tr><tr><td>11\/8-10<\/td><td>Afrejse<\/td><td>Brest<\/td><td>&nbsp;<\/td><td>Over Biscayen<\/td><\/tr><tr><td>13\/8-10<\/td><td>Ankomst<\/td><td>Gijon<\/td><td>Spanien<\/td><td>Ank 20.30&nbsp; (60,5 t)<\/td><\/tr><tr><td>17\/8-10<\/td><td>Afrejse<\/td><td>Gijon<\/td><td>&nbsp;<\/td><td>&nbsp;<\/td><\/tr><tr><td>17\/8-10<\/td><td>Ankomst<\/td><td>Puerto de Curillero<\/td><td>&nbsp;<\/td><td>&nbsp;<\/td><\/tr><tr><td>19\/8-10<\/td><td>Afrejse<\/td><td>Puerto de Curillero<\/td><td>&nbsp;<\/td><td>&nbsp;<\/td><\/tr><tr><td>19\/8-10<\/td><td>Ankomst<\/td><td>Ribadeo<\/td><td>&nbsp;<\/td><td>&nbsp;<\/td><\/tr><tr><td>20\/8-10<\/td><td>Afrejse<\/td><td>Ribadeo<\/td><td>&nbsp;<\/td><td>&nbsp;<\/td><\/tr><tr><td>21\/8-10<\/td><td>Ankomst<\/td><td>La Coruna<\/td><td>&nbsp;<\/td><td>Ank. 01.15<\/td><\/tr><tr><td>24\/8-10<\/td><td>Afrejse<\/td><td>La Coruna<\/td><td>&nbsp;<\/td><td>&nbsp;<\/td><\/tr><tr><td>24\/8-10<\/td><td>Ankomst<\/td><td>Camarinas<\/td><td>&nbsp;<\/td><td>&nbsp;<\/td><\/tr><tr><td>28\/8-10<\/td><td>Afrejse<\/td><td>Camarinas<\/td><td>&nbsp;<\/td><td>&nbsp;<\/td><\/tr><tr><td>28\/8-10<\/td><td>Ankomst<\/td><td>Islas Cies<\/td><td>&nbsp;<\/td><td>&nbsp;<\/td><\/tr><tr><td>31\/8-10<\/td><td>Afrejse<\/td><td>Islas Cies<\/td><td>&nbsp;<\/td><td>&nbsp;<\/td><\/tr><tr><td>31\/8-10<\/td><td>Ankomst<\/td><td>Vigo<\/td><td>&nbsp;<\/td><td>&nbsp;<\/td><\/tr><tr><td>1\/9-10<\/td><td>Afrejse<\/td><td>Vigo<\/td><td>&nbsp;<\/td><td>&nbsp;<\/td><\/tr><tr><td>1\/9-10<\/td><td>Ankomst<\/td><td>Islas Cies<\/td><td>&nbsp;<\/td><td>&nbsp;<\/td><\/tr><tr><td>3\/9-10<\/td><td>Afrejse<\/td><td>Islas Cies<\/td><td>&nbsp;<\/td><td>&nbsp;<\/td><\/tr><tr><td>3\/9-10<\/td><td>Ankomst<\/td><td>Bayona<\/td><td>&nbsp;<\/td><td>&nbsp;<\/td><\/tr><tr><td>6\/9-10<\/td><td>Afrejse<\/td><td>Bayona<\/td><td>&nbsp;<\/td><td>&nbsp;<\/td><\/tr><tr><td>6\/9-10<\/td><td>Ankomst<\/td><td>Bayona<\/td><td>&nbsp;<\/td><td>Tovv\u00e6rk i skruen<\/td><\/tr><tr><td>8\/9-10<\/td><td>Afrejse<\/td><td>Bayona<\/td><td>&nbsp;<\/td><td>&nbsp;<\/td><\/tr><tr><td>8\/9-10<\/td><td>Ankomst<\/td><td>Viana do Castello<\/td><td>Portugal<\/td><td>&nbsp;<\/td><\/tr><tr><td>10\/9-10<\/td><td>Afrejse<\/td><td>Viana do Castello<\/td><td>&nbsp;<\/td><td>&nbsp;<\/td><\/tr><tr><td>10\/9-10<\/td><td>Ankomst<\/td><td>Leixoes<\/td><td>&nbsp;<\/td><td>&nbsp;<\/td><\/tr><tr><td>14\/9-10<\/td><td>Afrejse<\/td><td>Leixoes<\/td><td>&nbsp;<\/td><td>&nbsp;<\/td><\/tr><tr><td>14\/9-10<\/td><td>Ankomst<\/td><td>Figuera da Foz<\/td><td>&nbsp;<\/td><td>&nbsp;<\/td><\/tr><tr><td>15\/9-10<\/td><td>Afrejse<\/td><td>Figuera da Foz<\/td><td>&nbsp;<\/td><td>&nbsp;<\/td><\/tr><tr><td>15\/9-10<\/td><td>Ankomst<\/td><td>Nazar\u00e9<\/td><td>&nbsp;<\/td><td>&nbsp;<\/td><\/tr><tr><td>17\/9-10<\/td><td>Afrejse<\/td><td>Nazar\u00e9<\/td><td>&nbsp;<\/td><td>&nbsp;<\/td><\/tr><tr><td>17\/9-10<\/td><td>Ankomst<\/td><td>Cascais<\/td><td>&nbsp;<\/td><td>&nbsp;<\/td><\/tr><tr><td>20\/9-10<\/td><td>Afrejse<\/td><td>Cascais<\/td><td>&nbsp;<\/td><td>&nbsp;<\/td><\/tr><tr><td>20\/9-10<\/td><td>Ankomst<\/td><td>Sesimbra<\/td><td>&nbsp;<\/td><td>&nbsp;<\/td><\/tr><tr><td>21\/9-10<\/td><td>Afrejse<\/td><td>Sesimbra<\/td><td>&nbsp;<\/td><td>&nbsp;<\/td><\/tr><tr><td>21\/9-10<\/td><td>Ankomst<\/td><td>Sines<\/td><td>&nbsp;<\/td><td>&nbsp;<\/td><\/tr><tr><td>22\/9-10<\/td><td>Afrejse<\/td><td>Sines<\/td><td>&nbsp;<\/td><td>&nbsp;<\/td><\/tr><tr><td>22\/9-10<\/td><td>Ankomst<\/td><td>Lagos<\/td><td>&nbsp;<\/td><td>&nbsp;<\/td><\/tr><tr><td>29\/9-10<\/td><td>Afrejse<\/td><td>Lagos<\/td><td>&nbsp;<\/td><td>M\u00f8de Susanne &amp; Per<\/td><\/tr><tr><td>2\/10-10<\/td><td>Ankomst<\/td><td>Porto Santo<\/td><td>Portugal<\/td><td>&nbsp;<\/td><\/tr><tr><td>2\/10-10<\/td><td>Afrejse<\/td><td>Porto Santo<\/td><td>&nbsp;<\/td><td>&nbsp;<\/td><\/tr><tr><td>6\/10-10<\/td><td>Ankomst<\/td><td>Quinto do Lorde<\/td><td>Madeira Portugal<\/td><td>&nbsp;<\/td><\/tr><tr><td>13\/10-10<\/td><td>Afrejse<\/td><td>Quinto do Lorde<\/td><td>&nbsp;<\/td><td>&nbsp;<\/td><\/tr><tr><td>13\/10-10<\/td><td>Ankomst<\/td><td>Funchal<\/td><td>&nbsp;<\/td><td>&nbsp;<\/td><\/tr><tr><td>16\/10-10<\/td><td>Afrejse<\/td><td>Funchal<\/td><td>&nbsp;<\/td><td>&nbsp;<\/td><\/tr><tr><td>19\/10-10<\/td><td>Ankomst<\/td><td>Isla Graciosa<\/td><td>Kanarie\u00f8erne Spanien<\/td><td>&nbsp;<\/td><\/tr><tr><td>24\/10-10<\/td><td>Afrejse<\/td><td>Isla Graciosa<\/td><td>&nbsp;<\/td><td>&nbsp;<\/td><\/tr><tr><td>24\/10-10<\/td><td>Ankomst<\/td><td>Marina Rubicon Lanzerote<\/td><td>&nbsp;<\/td><td>&nbsp;<\/td><\/tr><tr><td>3\/11-10<\/td><td>Afrejse<\/td><td>Marina Rubicon Lanzerote<\/td><td>&nbsp;<\/td><td>&nbsp;<\/td><\/tr><tr><td>4\/11-10<\/td><td>Ankomst<\/td><td>Las Palmas Gran Canaria<\/td><td>&nbsp;<\/td><td>Ank. 05.00<\/td><\/tr><tr><td>7\/11-10<\/td><td>Afrejse<\/td><td>Las Palmas Gran Canaria<\/td><td>&nbsp;<\/td><td>&nbsp;<\/td><\/tr><tr><td>7\/11-10<\/td><td>Ankomst<\/td><td>Arguineguin Gran Canaria<\/td><td>&nbsp;<\/td><td>&nbsp;<\/td><\/tr><tr><td>8\/11-10<\/td><td>Afrejse<\/td><td>Arguineguin Gran Canaria<\/td><td>&nbsp;<\/td><td>&nbsp;<\/td><\/tr><tr><td>8\/11-10<\/td><td>Ankomst<\/td><td>Puerto Rico Gran Canaria<\/td><td>&nbsp;<\/td><td>&nbsp;<\/td><\/tr><tr><td>1\/12-10<\/td><td>Afrejse<\/td><td>Puerto Rico Gran Canaria<\/td><td>&nbsp;<\/td><td>&nbsp;<\/td><\/tr><tr><td>27\/1-11<\/td><td>Ankomst<\/td><td>Charlotteville<\/td><td>Tobago<\/td><td>Caribien<\/td><\/tr><tr><td>6\/1-11<\/td><td>Afrejse<\/td><td>Charlotteville<\/td><td>&nbsp;<\/td><td>&nbsp;<\/td><\/tr><tr><td>7\/1-11<\/td><td>Ankomst<\/td><td>St. George<\/td><td>Grenada<\/td><td>&nbsp;<\/td><\/tr><tr><td>14\/1-11<\/td><td>Afrejse<\/td><td>St. George<\/td><td>&nbsp;<\/td><td>&nbsp;<\/td><\/tr><tr><td>14\/1-11<\/td><td>Ankomst<\/td><td>Hog Island<\/td><td>Grenada<\/td><td>&nbsp;<\/td><\/tr><tr><td>21\/1-11<\/td><td>Afrejse<\/td><td>Hog Island<\/td><td>&nbsp;<\/td><td>&nbsp;<\/td><\/tr><tr><td>21\/1-11<\/td><td>Ankomst<\/td><td>St. George<\/td><td>Grenada<\/td><td>Gerda tandl\u00e6ge<\/td><\/tr><tr><td>26\/1-11<\/td><td>Afrejse<\/td><td>St. George<\/td><td>&nbsp;<\/td><td>&nbsp;<\/td><\/tr><tr><td>26\/1-11<\/td><td>Ankomst<\/td><td>Tyrrel bay<\/td><td>Courriacou<\/td><td>(Grenada)<\/td><\/tr><tr><td>2\/2-11<\/td><td>Afrejse<\/td><td>Tyrrel bay<\/td><td>&nbsp;<\/td><td>&nbsp;<\/td><\/tr><tr><td>2\/2-11<\/td><td>Ankomst<\/td><td>Clifton<\/td><td>Union Island<\/td><td>&nbsp;<\/td><\/tr><tr><td>4\/2-11<\/td><td>Afrejse<\/td><td>Clifton<\/td><td>&nbsp;<\/td><td>&nbsp;<\/td><\/tr><tr><td>4\/2-11<\/td><td>Ankomst<\/td><td>Saline Bay<\/td><td>Mayreau<\/td><td>&nbsp;<\/td><\/tr><tr><td>9\/2-11<\/td><td>Afrejse<\/td><td>Saline Bay<\/td><td>Mayreau<\/td><td>&nbsp;<\/td><\/tr><tr><td>9\/2-11<\/td><td>Ankomst<\/td><td>Charlestown Bay<\/td><td>Canouan<\/td><td>&nbsp;<\/td><\/tr><tr><td>13\/2-11<\/td><td>Afrejse<\/td><td>Charlestown Bay<\/td><td>&nbsp;<\/td><td>&nbsp;<\/td><\/tr><tr><td>13\/2-11<\/td><td>Ankomst<\/td><td>Admiralty Bay<\/td><td>Bequia<\/td><td>&nbsp;<\/td><\/tr><tr><td>19\/2-11<\/td><td>Afrejse<\/td><td>Admiralty Bay<\/td><td>Bequia<\/td><td>&nbsp;<\/td><\/tr><tr><td>19\/2-11<\/td><td>Ankomst<\/td><td>Rodney Bay<\/td><td>St. Lucia<\/td><td>&nbsp;<\/td><\/tr><tr><td>1\/3-11<\/td><td>Afrejse<\/td><td>Rodney Bay marina<\/td><td>&nbsp;<\/td><td>&nbsp;<\/td><\/tr><tr><td>1\/3-11<\/td><td>Ankomst<\/td><td>Marin<\/td><td>Martinique<\/td><td>fransk<\/td><\/tr><tr><td>5\/3-11<\/td><td>Afrejse<\/td><td>Marin<\/td><td>&nbsp;<\/td><td>&nbsp;<\/td><\/tr><tr><td>5\/3-11<\/td><td>Ankomst<\/td><td>Fort de France<\/td><td>&nbsp;<\/td><td>&nbsp;<\/td><\/tr><tr><td>11\/3-11<\/td><td>Afrejse<\/td><td>Fort de France<\/td><td>&nbsp;<\/td><td>&nbsp;<\/td><\/tr><tr><td>11\/3-11<\/td><td>Ankomst<\/td><td>St. Pierre<\/td><td>&nbsp;<\/td><td>&nbsp;<\/td><\/tr><tr><td>14\/3-11<\/td><td>Afrejse<\/td><td>St. Pierre<\/td><td>&nbsp;<\/td><td>&nbsp;<\/td><\/tr><tr><td>14\/3-11<\/td><td>Ankomst<\/td><td>Roseau<\/td><td>Dominica<\/td><td>&nbsp;<\/td><\/tr><tr><td>18\/3-11<\/td><td>Afrejse<\/td><td>Roseau<\/td><td>&nbsp;<\/td><td>&nbsp;<\/td><\/tr><tr><td>18\/3-11<\/td><td>Ankomst<\/td><td>Prince Rupert Bay, Portmouth<\/td><td>&nbsp;<\/td><td>&nbsp;<\/td><\/tr><tr><td>20\/3-11<\/td><td>Afrejse<\/td><td>Prince Rupert Bay, Portmouth<\/td><td>&nbsp;<\/td><td>&nbsp;<\/td><\/tr><tr><td>20\/3-11<\/td><td>Ankomst<\/td><td>Le Bourg<\/td><td>Les Saintes<\/td><td>fransk<\/td><\/tr><tr><td>25\/3-11<\/td><td>Afrejse<\/td><td>Le Bourg<\/td><td>&nbsp;<\/td><td>&nbsp;<\/td><\/tr><tr><td>25\/3-11<\/td><td>Ankomst<\/td><td>Pigeon Island<\/td><td>Guadeloupe<\/td><td>fransk<\/td><\/tr><tr><td>27\/3-11<\/td><td>Afrejse<\/td><td>Pigeon Island<\/td><td>&nbsp;<\/td><td>&nbsp;<\/td><\/tr><tr><td>27\/3-11<\/td><td>Ankomst<\/td><td>Jolly Harbour<\/td><td>Antigua<\/td><td>B\u00e5d p\u00e5 land<\/td><\/tr><tr><td>7\/4-11<\/td><td>Afrejse<\/td><td>Jolly Harbour<\/td><td>&nbsp;<\/td><td>&nbsp;<\/td><\/tr><tr><td>7\/4-11<\/td><td>Ankomst<\/td><td>Barbuda<\/td><td>Barbuda<\/td><td>&nbsp;<\/td><\/tr><tr><td>15\/4-11<\/td><td>Afrejse<\/td><td>Barbuda<\/td><td>&nbsp;<\/td><td>&nbsp;<\/td><\/tr><tr><td>15\/4-11<\/td><td>Ankomst<\/td><td>Gustavia<\/td><td>St. Barts<\/td><td>fransk<\/td><\/tr><tr><td>18\/4-11<\/td><td>Afrejse<\/td><td>Gustavia<\/td><td>&nbsp;<\/td><td>&nbsp;<\/td><\/tr><tr><td>18\/4-11<\/td><td>Ankomst<\/td><td>Simpson Bay<\/td><td>St. Martin<\/td><td>Hollandsk\/fransk<\/td><\/tr><tr><td>15\/4-11<\/td><td>Afrejse<\/td><td>Simpson Bay<\/td><td>&nbsp;<\/td><td>&nbsp;<\/td><\/tr><tr><td>6\/6-11<\/td><td>Ankomst<\/td><td>Faial, Horta<\/td><td>Azorerne<\/td><td>22 dage<\/td><\/tr><tr><td>18\/6-11<\/td><td>Afrejse<\/td><td>Faial, Horta<\/td><td>&nbsp;<\/td><td>&nbsp;<\/td><\/tr><tr><td>18\/6-11<\/td><td>Ankomst<\/td><td>Terceira<\/td><td>&nbsp;<\/td><td>&nbsp;<\/td><\/tr><tr><td>23\/6-11<\/td><td>Afrejse<\/td><td>Terceira<\/td><td>&nbsp;<\/td><td>&nbsp;<\/td><\/tr><tr><td>3\/7-11<\/td><td>Ankomst<\/td><td>Falmouth<\/td><td>England<\/td><td>10 dage<\/td><\/tr><tr><td>8\/7-11<\/td><td>Afrejse<\/td><td>Falmouth<\/td><td>&nbsp;<\/td><td>&nbsp;<\/td><\/tr><tr><td>11\/7-11<\/td><td>Ankomst<\/td><td>Vlissingen<\/td><td>Holland<\/td><td>Presenning i skrue<\/td><\/tr><tr><td>13\/7-11<\/td><td>Afrejse<\/td><td>Vlissingen<\/td><td>&nbsp;<\/td><td>&nbsp;<\/td><\/tr><tr><td>13\/7-11<\/td><td>Ankomst<\/td><td>Krammersluizen<\/td><td>&nbsp;<\/td><td>&nbsp;<\/td><\/tr><tr><td>15\/7-11<\/td><td>Afrejse<\/td><td>Krammersluizen<\/td><td>&nbsp;<\/td><td>&nbsp;<\/td><\/tr><tr><td>15\/7-11<\/td><td>Ankomst<\/td><td>Gouda Spoorbr\u00fcggen<\/td><td>&nbsp;<\/td><td>&nbsp;<\/td><\/tr><tr><td>16\/7-11<\/td><td>Afrejse<\/td><td>Gouda Spoorbr\u00fcggen<\/td><td>&nbsp;<\/td><td>&nbsp;<\/td><\/tr><tr><td>16\/7-11<\/td><td>Ankomst<\/td><td>Amsterdam<\/td><td>&nbsp;<\/td><td>&nbsp;<\/td><\/tr><tr><td>17\/7-11<\/td><td>Afrejse<\/td><td>Amsterdam<\/td><td>&nbsp;<\/td><td>&nbsp;<\/td><\/tr><tr><td>19\/7-11<\/td><td>Ankomst<\/td><td>Cuxhaven<\/td><td>Tyskland<\/td><td>Ank.02.00 Politi<\/td><\/tr><tr><td>19\/7-11<\/td><td>Afrejse<\/td><td>Cuxhaven<\/td><td>&nbsp;<\/td><td>&nbsp;<\/td><\/tr><tr><td>19\/7-11<\/td><td>Ankomst<\/td><td>Gieselau Kanal<\/td><td>&nbsp;<\/td><td>&nbsp;<\/td><\/tr><tr><td>20\/7-11<\/td><td>Afrejse<\/td><td>Gieselau Kanal<\/td><td>&nbsp;<\/td><td>(Kielerkanalen)<\/td><\/tr><tr><td>20\/7-11<\/td><td>Ankomst<\/td><td>Marstal<\/td><td>Danmark<\/td><td>&nbsp;<\/td><\/tr><tr><td>22\/7-11<\/td><td>Afrejse<\/td><td>Marstal<\/td><td>&nbsp;<\/td><td>&nbsp;<\/td><\/tr><tr><td>22\/7-11<\/td><td>Ankomst<\/td><td>Svendborg<\/td><td>&nbsp;<\/td><td>&nbsp;<\/td><\/tr><tr><td>23\/7-11<\/td><td>Afrejse<\/td><td>Svendborg<\/td><td>&nbsp;<\/td><td>&nbsp;<\/td><\/tr><tr><td>23\/7-11<\/td><td>Ankomst<\/td><td>Klintebjerg, Odense Kanal<\/td><td>&nbsp;<\/td><td>&nbsp;<\/td><\/tr><tr><td>24\/7-11<\/td><td>Afrejse<\/td><td>Klintebjerg, Odense Kanal<\/td><td>&nbsp;<\/td><td>&nbsp;<\/td><\/tr><tr><td>24\/7-11<\/td><td>Ankomst<\/td><td>Odense Havn<\/td><td>&nbsp;<\/td><td>&nbsp;<\/td><\/tr><tr><td>&nbsp;<\/td><td><\/td><td>&nbsp;<\/td><td>&nbsp;<\/td><td>&nbsp;<\/td><\/tr><\/tbody><\/table><figcaption class=\"wp-element-caption\">Hjemme igen godt 12.000 s\u00f8mil senere<\/figcaption><\/figure>\n","protected":false},"excerpt":{"rendered":"<p>Her f\u00e5r du et overblik over hvor lang tid vi har v\u00e6ret hvert sted samt hvor lang tid turen tog:P\u00e5 Kort over turen f\u00e5r du en fornemmelse over distancerne. De er kun vejledende. Dato &nbsp; Sted Land Note 4\/7-10 Afrejse Odense Danmark &nbsp; 4\/7-10 Ankomst Kerteminde &nbsp; &nbsp; 5\/7-10 Afrejse Kerteminde &nbsp; &nbsp; 5\/7-10 Ankomst [&hellip;]<\/p>\n","protected":false},"author":1,"featured_media":0,"parent":0,"menu_order":0,"comment_status":"closed","ping_status":"closed","template":"","meta":{"footnotes":""},"class_list":["post-1297","page","type-page","status-publish","hentry"],"_links":{"self":[{"href":"https:\/\/sy-awareness.dk\/index.php\/wp-json\/wp\/v2\/pages\/1297","targetHints":{"allow":["GET"]}}],"collection":[{"href":"https:\/\/sy-awareness.dk\/index.php\/wp-json\/wp\/v2\/pages"}],"about":[{"href":"https:\/\/sy-awareness.dk\/index.php\/wp-json\/wp\/v2\/types\/page"}],"author":[{"embeddable":true,"href":"https:\/\/sy-awareness.dk\/index.php\/wp-json\/wp\/v2\/users\/1"}],"replies":[{"embeddable":true,"href":"https:\/\/sy-awareness.dk\/index.php\/wp-json\/wp\/v2\/comments?post=1297"}],"version-history":[{"count":7,"href":"https:\/\/sy-awareness.dk\/index.php\/wp-json\/wp\/v2\/pages\/1297\/revisions"}],"predecessor-version":[{"id":1545,"href":"https:\/\/sy-awareness.dk\/index.php\/wp-json\/wp\/v2\/pages\/1297\/revisions\/1545"}],"wp:attachment":[{"href":"https:\/\/sy-awareness.dk\/index.php\/wp-json\/wp\/v2\/media?parent=1297"}],"curies":[{"name":"wp","href":"https:\/\/api.w.org\/{rel}","templated":true}]}}