{"id":1692,"date":"2024-01-21T21:43:36","date_gmt":"2024-01-21T20:43:36","guid":{"rendered":"https:\/\/sy-awareness.dk\/?page_id=1692"},"modified":"2024-01-21T21:43:36","modified_gmt":"2024-01-21T20:43:36","slug":"motor-reparation-vedligeholdelse","status":"publish","type":"page","link":"https:\/\/sy-awareness.dk\/index.php\/motor-reparation-vedligeholdelse\/","title":{"rendered":"Motor reparation \/vedligeholdelse"},"content":{"rendered":"\n<figure class=\"wp-block-image size-large\"><img loading=\"lazy\" decoding=\"async\" width=\"1024\" height=\"777\" src=\"https:\/\/sy-awareness.dk\/wp-content\/uploads\/2024\/01\/Motor-1024x777.jpg\" alt=\"Motor vedligeholdelse\" class=\"wp-image-1693\" srcset=\"https:\/\/sy-awareness.dk\/wp-content\/uploads\/2024\/01\/Motor-1024x777.jpg 1024w, https:\/\/sy-awareness.dk\/wp-content\/uploads\/2024\/01\/Motor-300x228.jpg 300w, https:\/\/sy-awareness.dk\/wp-content\/uploads\/2024\/01\/Motor-768x583.jpg 768w, https:\/\/sy-awareness.dk\/wp-content\/uploads\/2024\/01\/Motor.jpg 1202w\" sizes=\"auto, (max-width: 1024px) 100vw, 1024px\" \/><\/figure>\n\n\n\n<p>Her ser du en oversigt over de g\u00e6nge dele, der kr\u00e6ver opm\u00e6rksomhed under vejs p\u00e5 langturen. Vi har haft fat i alle omr\u00e5der p\u00e5 vores tur.<\/p>\n\n\n\n<p><mark style=\"background-color:rgba(0, 0, 0, 0)\" class=\"has-inline-color has-vivid-cyan-blue-color\"><strong>Servicedele:<\/strong><\/mark><br>Det er dele der skal serviceres med j\u00e6vne mellemrum jvf motorfabrikantens forskrifter. De er m\u00e6rket med bl\u00e5 skrift. her har jeg ikke medtaget varmevekslere eller lign.<\/p>\n\n\n\n<p><strong><mark style=\"background-color:rgba(0, 0, 0, 0)\" class=\"has-inline-color has-vivid-red-color\">Sliddele:<\/mark><\/strong><br>Sliddele er her anf\u00f8rt som dele, der slides over tid n\u00e5r de anvendes. <\/p>\n\n\n\n<p><strong>Anbefalinger:<br><\/strong>Det anbefales at <strong>medbringe<\/strong> en passende m\u00e6ngde af <mark style=\"background-color:rgba(0, 0, 0, 0)\" class=\"has-inline-color has-vivid-cyan-blue-color\"><strong>servicedele<\/strong><\/mark> og olieprodukter hjemmefra. De er s\u00e6dvanligvis ikke billigere, der hvor vi har v\u00e6ret &#8211; med en enkelt undtagelse Yanmar forhandleren Rolnautic p\u00e5 havnen i Las Palmas. Her arbejder Ole (dansk) og taler spansk og dansk. (har ingen relation til Ole, jeg k\u00f8ber blot dele hos ham). Man skal ogs\u00e5 bruge meget tid p\u00e5 at finde de dele som man har brug for. Det kan v\u00e6re ret tidskr\u00e6vende for os.<\/p>\n\n\n\n<p><mark style=\"background-color:rgba(0, 0, 0, 0)\" class=\"has-inline-color has-vivid-red-color\"><strong>Sliddele<\/strong><\/mark> er s\u00e6dvanligvis i den dyrere ende. De dele har vi k\u00f8bt lokalt. Det har v\u00e6ret tidskr\u00e6vende og dyrere end hvis vi havde k\u00f8bt dem over nettet hjemmefra. Nu er der sket en v\u00e6ldig udvikling i nethandlen siden vi var p\u00e5 langtur. Men ofte betyder det ekstra ventetid hvis man skal ha delene tilsendt.<\/p>\n","protected":false},"excerpt":{"rendered":"<p>Her ser du en oversigt over de g\u00e6nge dele, der kr\u00e6ver opm\u00e6rksomhed under vejs p\u00e5 langturen. Vi har haft fat i alle omr\u00e5der p\u00e5 vores tur. Servicedele:Det er dele der skal serviceres med j\u00e6vne mellemrum jvf motorfabrikantens forskrifter. De er m\u00e6rket med bl\u00e5 skrift. her har jeg ikke medtaget varmevekslere eller lign. Sliddele:Sliddele er her [&hellip;]<\/p>\n","protected":false},"author":1,"featured_media":0,"parent":0,"menu_order":0,"comment_status":"closed","ping_status":"closed","template":"","meta":{"footnotes":""},"class_list":["post-1692","page","type-page","status-publish","hentry"],"_links":{"self":[{"href":"https:\/\/sy-awareness.dk\/index.php\/wp-json\/wp\/v2\/pages\/1692","targetHints":{"allow":["GET"]}}],"collection":[{"href":"https:\/\/sy-awareness.dk\/index.php\/wp-json\/wp\/v2\/pages"}],"about":[{"href":"https:\/\/sy-awareness.dk\/index.php\/wp-json\/wp\/v2\/types\/page"}],"author":[{"embeddable":true,"href":"https:\/\/sy-awareness.dk\/index.php\/wp-json\/wp\/v2\/users\/1"}],"replies":[{"embeddable":true,"href":"https:\/\/sy-awareness.dk\/index.php\/wp-json\/wp\/v2\/comments?post=1692"}],"version-history":[{"count":2,"href":"https:\/\/sy-awareness.dk\/index.php\/wp-json\/wp\/v2\/pages\/1692\/revisions"}],"predecessor-version":[{"id":1695,"href":"https:\/\/sy-awareness.dk\/index.php\/wp-json\/wp\/v2\/pages\/1692\/revisions\/1695"}],"wp:attachment":[{"href":"https:\/\/sy-awareness.dk\/index.php\/wp-json\/wp\/v2\/media?parent=1692"}],"curies":[{"name":"wp","href":"https:\/\/api.w.org\/{rel}","templated":true}]}}